{"id":72,"date":"2024-02-19T20:25:21","date_gmt":"2024-02-19T20:25:21","guid":{"rendered":"http:\/\/hairstyle.landertweb.ch\/cms\/?page_id=72"},"modified":"2026-03-16T13:38:58","modified_gmt":"2026-03-16T13:38:58","slug":"preise-feststyling","status":"publish","type":"page","link":"https:\/\/hairstyle.landertweb.ch\/cms\/preise-feststyling\/","title":{"rendered":"Preise 2026 Feststyling"},"content":{"rendered":"\n<p class=\"has-text-align-center\">Gerne komme ich f\u00fcr das Styling an den Ort deiner Wahl.<\/p>\n\n\n\n<div class=\"wp-block-columns borderedtext is-layout-flex wp-container-core-columns-is-layout-28f84493 wp-block-columns-is-layout-flex\">\n<div class=\"wp-block-column is-layout-flow wp-block-column-is-layout-flow\" style=\"flex-basis:66.66%\">\n<h3 class=\"wp-block-heading\">Probetermin Hair &amp; MakeUp 3h<\/h3>\n\n\n\n<ul class=\"wp-block-list\">\n<li>Kann zu allen Paketen dazu gebucht werden<\/li>\n\n\n\n<li>Standort Egg ZH<\/li>\n<\/ul>\n<\/div>\n\n\n\n<div class=\"wp-block-column is-layout-flow wp-block-column-is-layout-flow\" style=\"flex-basis:33.33%\">\n<h4 class=\"wp-block-heading\">200 CHF<\/h4>\n<\/div>\n<\/div>\n\n\n\n<div class=\"wp-block-columns borderedtext is-layout-flex wp-container-core-columns-is-layout-28f84493 wp-block-columns-is-layout-flex\">\n<div class=\"wp-block-column is-layout-flow wp-block-column-is-layout-flow\" style=\"flex-basis:66.66%\">\n<h3 class=\"wp-block-heading\">Paket Singapore<\/h3>\n\n\n\n<ul class=\"wp-block-list\">\n<li>Festfrisur &amp; Fest MakeUp<\/li>\n\n\n\n<li>Festtermin 2.5h<\/li>\n\n\n\n<li>Exkl. k\u00fcnstliche Wimpern<\/li>\n\n\n\n<li>Inkl. Wegspesen Kanton Z\u00fcrich<\/li>\n<\/ul>\n<\/div>\n\n\n\n<div class=\"wp-block-column is-layout-flow wp-block-column-is-layout-flow\" style=\"flex-basis:33.33%\">\n<h4 class=\"wp-block-heading\">380 CHF<\/h4>\n<\/div>\n<\/div>\n\n\n\n<div class=\"wp-block-columns borderedtext is-layout-flex wp-container-core-columns-is-layout-28f84493 wp-block-columns-is-layout-flex\">\n<div class=\"wp-block-column is-layout-flow wp-block-column-is-layout-flow\" style=\"flex-basis:66.66%\">\n<h3 class=\"wp-block-heading\">Paket Hong Kong<\/h3>\n\n\n\n<ul class=\"wp-block-list\">\n<li>Festfrisur<\/li>\n\n\n\n<li>Festtermin 1.5h<\/li>\n\n\n\n<li>Inkl. Wegspesen Kanton Z\u00fcrich<\/li>\n<\/ul>\n<\/div>\n\n\n\n<div class=\"wp-block-column is-layout-flow wp-block-column-is-layout-flow\" style=\"flex-basis:33.33%\">\n<h4 class=\"wp-block-heading\">250 CHF<\/h4>\n<\/div>\n<\/div>\n\n\n\n<div class=\"wp-block-columns borderedtext is-layout-flex wp-container-core-columns-is-layout-28f84493 wp-block-columns-is-layout-flex\">\n<div class=\"wp-block-column is-layout-flow wp-block-column-is-layout-flow\" style=\"flex-basis:66.66%\">\n<h3 class=\"wp-block-heading\">Paket Dubai<\/h3>\n\n\n\n<ul class=\"wp-block-list\">\n<li>Fest MakeUp<\/li>\n\n\n\n<li>Festtermin 1.0h<\/li>\n\n\n\n<li>Exkl. k\u00fcnstliche Wimpern<\/li>\n\n\n\n<li>Inkl. Wegspesen Kanton Z\u00fcrich<\/li>\n<\/ul>\n<\/div>\n\n\n\n<div class=\"wp-block-column is-layout-flow wp-block-column-is-layout-flow\" style=\"flex-basis:33.33%\">\n<h4 class=\"wp-block-heading\">200 CHF<\/h4>\n<\/div>\n<\/div>\n\n\n\n<div class=\"wp-block-columns borderedtext is-layout-flex wp-container-core-columns-is-layout-28f84493 wp-block-columns-is-layout-flex\">\n<div class=\"wp-block-column is-layout-flow wp-block-column-is-layout-flow\" style=\"flex-basis:66.66%\">\n<h3 class=\"wp-block-heading\">Weitere G\u00e4ste f\u00fcr Frisuren<\/h3>\n\n\n\n<ul class=\"wp-block-list\">\n<li>Kann dazu gebucht werden<\/li>\n<\/ul>\n<\/div>\n\n\n\n<div class=\"wp-block-column is-layout-flow wp-block-column-is-layout-flow\" style=\"flex-basis:33.33%\">\n<h4 class=\"wp-block-heading\">100 CHF pro Person<\/h4>\n<\/div>\n<\/div>\n\n\n\n<div class=\"wp-block-columns borderedtext is-layout-flex wp-container-core-columns-is-layout-28f84493 wp-block-columns-is-layout-flex\">\n<div class=\"wp-block-column is-layout-flow wp-block-column-is-layout-flow\" style=\"flex-basis:66.66%\">\n<h3 class=\"wp-block-heading\">Wegspesen ausserhalb Kanton Z\u00fcrich<\/h3>\n<\/div>\n\n\n\n<div class=\"wp-block-column is-layout-flow wp-block-column-is-layout-flow\" style=\"flex-basis:33.33%\">\n<h4 class=\"wp-block-heading\">0.80 CHF pro Kilometer<\/h4>\n<\/div>\n<\/div>\n\n\n\n<p class=\"has-text-align-center\"><strong>Ich berate Dich gerne<\/strong><\/p>\n\n\n\n<div class=\"wp-block-columns is-layout-flex wp-container-core-columns-is-layout-28f84493 wp-block-columns-is-layout-flex\">\n<div class=\"wp-block-column is-layout-flow wp-block-column-is-layout-flow\">\n<div class=\"wp-block-buttons is-content-justification-center is-layout-flex wp-container-core-buttons-is-layout-a89b3969 wp-block-buttons-is-layout-flex\">\n<div class=\"wp-block-button\"><a class=\"wp-block-button__link wp-element-button\" href=\"https:\/\/hairstyle.landertweb.ch\/cms\/?page_id=17\">Kontaktformular<\/a><\/div>\n<\/div>\n<\/div>\n<\/div>\n","protected":false},"excerpt":{"rendered":"<p>Gerne komme ich f\u00fcr das Styling an den Ort deiner Wahl. Probetermin Hair &amp; MakeUp 3h 200 CHF Paket Singapore 380 CHF Paket Hong Kong 250 CHF Paket Dubai 200 CHF Weitere G\u00e4ste f\u00fcr Frisuren 100 CHF pro Person Wegspesen ausserhalb Kanton Z\u00fcrich 0.80 CHF pro Kilometer Ich berate Dich gerne<\/p>\n","protected":false},"author":1,"featured_media":0,"parent":0,"menu_order":0,"comment_status":"closed","ping_status":"closed","template":"","meta":{"footnotes":""},"class_list":["post-72","page","type-page","status-publish","hentry"],"_links":{"self":[{"href":"https:\/\/hairstyle.landertweb.ch\/cms\/wp-json\/wp\/v2\/pages\/72","targetHints":{"allow":["GET"]}}],"collection":[{"href":"https:\/\/hairstyle.landertweb.ch\/cms\/wp-json\/wp\/v2\/pages"}],"about":[{"href":"https:\/\/hairstyle.landertweb.ch\/cms\/wp-json\/wp\/v2\/types\/page"}],"author":[{"embeddable":true,"href":"https:\/\/hairstyle.landertweb.ch\/cms\/wp-json\/wp\/v2\/users\/1"}],"replies":[{"embeddable":true,"href":"https:\/\/hairstyle.landertweb.ch\/cms\/wp-json\/wp\/v2\/comments?post=72"}],"version-history":[{"count":22,"href":"https:\/\/hairstyle.landertweb.ch\/cms\/wp-json\/wp\/v2\/pages\/72\/revisions"}],"predecessor-version":[{"id":538,"href":"https:\/\/hairstyle.landertweb.ch\/cms\/wp-json\/wp\/v2\/pages\/72\/revisions\/538"}],"wp:attachment":[{"href":"https:\/\/hairstyle.landertweb.ch\/cms\/wp-json\/wp\/v2\/media?parent=72"}],"curies":[{"name":"wp","href":"https:\/\/api.w.org\/{rel}","templated":true}]}}