{"id":27,"date":"2023-10-30T12:35:17","date_gmt":"2023-10-30T12:35:17","guid":{"rendered":"http:\/\/hairstyle.landertweb.ch\/cms\/?page_id=27"},"modified":"2026-03-16T13:37:28","modified_gmt":"2026-03-16T13:37:28","slug":"preise-brautstyling","status":"publish","type":"page","link":"https:\/\/hairstyle.landertweb.ch\/cms\/preise-brautstyling\/","title":{"rendered":"Preise 2026 Brautstyling"},"content":{"rendered":"\n<p class=\"has-text-align-center\">Gerne komme ich f\u00fcr das Styling an den Ort deiner Wahl.<\/p>\n\n\n\n<div class=\"wp-block-group border: 5px solid black;\"><div class=\"wp-block-group__inner-container is-layout-constrained wp-block-group-is-layout-constrained\">\n<div class=\"wp-block-columns borderedtext is-layout-flex wp-container-core-columns-is-layout-28f84493 wp-block-columns-is-layout-flex\">\n<div class=\"wp-block-column is-layout-flow wp-block-column-is-layout-flow\" style=\"flex-basis:66.66%\">\n<h3 class=\"wp-block-heading\">Paket Hawaii<\/h3>\n\n\n\n<ul class=\"wp-block-list\">\n<li>Probetermin 3.5h<\/li>\n\n\n\n<li>Brautfrisur und Braut MakeUp<\/li>\n\n\n\n<li>Hochzeitstermin 3h<\/li>\n\n\n\n<li>Exkl. k\u00fcnstliche Wimpern<\/li>\n\n\n\n<li>Inkl. Wegspesen Kanton Z\u00fcrich<\/li>\n<\/ul>\n<\/div>\n\n\n\n<div class=\"wp-block-column is-layout-flow wp-block-column-is-layout-flow\" style=\"flex-basis:33.33%\">\n<h4 class=\"wp-block-heading\">580 CHF<\/h4>\n<\/div>\n<\/div>\n<\/div><\/div>\n\n\n\n<div class=\"wp-block-columns borderedtext is-layout-flex wp-container-core-columns-is-layout-28f84493 wp-block-columns-is-layout-flex\">\n<div class=\"wp-block-column is-layout-flow wp-block-column-is-layout-flow\" style=\"flex-basis:66.66%\">\n<h3 class=\"wp-block-heading\">Paket Seychelles<\/h3>\n\n\n\n<ul class=\"wp-block-list\">\n<li>Probetermin 2h<\/li>\n\n\n\n<li>Brautfrisur<\/li>\n\n\n\n<li>Hochzeitstermin 2h<\/li>\n\n\n\n<li>Inkl. Wegspesen Kanton Z\u00fcrich<\/li>\n<\/ul>\n<\/div>\n\n\n\n<div class=\"wp-block-column is-layout-flow wp-block-column-is-layout-flow\" style=\"flex-basis:33.33%\">\n<h4 class=\"wp-block-heading\">400 CHF<\/h4>\n<\/div>\n<\/div>\n\n\n\n<div class=\"wp-block-columns borderedtext is-layout-flex wp-container-core-columns-is-layout-28f84493 wp-block-columns-is-layout-flex\">\n<div class=\"wp-block-column is-layout-flow wp-block-column-is-layout-flow\" style=\"flex-basis:66.66%\">\n<h3 class=\"wp-block-heading\">Paket S\u00fcdafrika<\/h3>\n\n\n\n<ul class=\"wp-block-list\">\n<li>Probetermin 2h<\/li>\n\n\n\n<li>Braut MakeUp<\/li>\n\n\n\n<li>Hochzeitstermin 1.5h<\/li>\n\n\n\n<li>Exkl. k\u00fcnstliche Wimpern<\/li>\n\n\n\n<li>Inkl. Wegspesen Kanton Z\u00fcrich<\/li>\n<\/ul>\n<\/div>\n\n\n\n<div class=\"wp-block-column is-layout-flow wp-block-column-is-layout-flow\" style=\"flex-basis:33.33%\">\n<h4 class=\"wp-block-heading\">350 CHF<\/h4>\n<\/div>\n<\/div>\n\n\n\n<div class=\"wp-block-columns borderedtext is-layout-flex wp-container-core-columns-is-layout-28f84493 wp-block-columns-is-layout-flex\">\n<div class=\"wp-block-column is-layout-flow wp-block-column-is-layout-flow\" style=\"flex-basis:66.66%\">\n<h3 class=\"wp-block-heading\">Hochzeitsg\u00e4ste Frisur<\/h3>\n\n\n\n<ul class=\"wp-block-list\">\n<li>Kann dazu gebucht werden<\/li>\n<\/ul>\n<\/div>\n\n\n\n<div class=\"wp-block-column is-layout-flow wp-block-column-is-layout-flow\" style=\"flex-basis:33.33%\">\n<h4 class=\"wp-block-heading\">100 CHF pro Person<\/h4>\n<\/div>\n<\/div>\n\n\n\n<div class=\"wp-block-columns borderedtext is-layout-flex wp-container-core-columns-is-layout-28f84493 wp-block-columns-is-layout-flex\">\n<div class=\"wp-block-column is-layout-flow wp-block-column-is-layout-flow\" style=\"flex-basis:66.66%\">\n<h3 class=\"wp-block-heading\">Hochzeitsg\u00e4ste Make Up<\/h3>\n\n\n\n<ul class=\"wp-block-list\">\n<li>Kann dazu gebucht werden<\/li>\n<\/ul>\n<\/div>\n\n\n\n<div class=\"wp-block-column is-layout-flow wp-block-column-is-layout-flow\" style=\"flex-basis:33.33%\">\n<h4 class=\"wp-block-heading\">100 CHF pro Person<\/h4>\n<\/div>\n<\/div>\n\n\n\n<div class=\"wp-block-columns borderedtext is-layout-flex wp-container-core-columns-is-layout-28f84493 wp-block-columns-is-layout-flex\">\n<div class=\"wp-block-column is-layout-flow wp-block-column-is-layout-flow\" style=\"flex-basis:66.66%\">\n<h3 class=\"wp-block-heading\">Wegspesen ausserhalb Kanton Z\u00fcrich<\/h3>\n<\/div>\n\n\n\n<div class=\"wp-block-column is-layout-flow wp-block-column-is-layout-flow\" style=\"flex-basis:33.33%\">\n<h4 class=\"wp-block-heading\">0.80 CHF pro Kilometer<\/h4>\n<\/div>\n<\/div>\n\n\n\n<p class=\"has-text-align-center\"><strong>Ich berate Dich gerne<\/strong><\/p>\n\n\n\n<div class=\"wp-block-columns is-layout-flex wp-container-core-columns-is-layout-28f84493 wp-block-columns-is-layout-flex\">\n<div class=\"wp-block-column is-layout-flow wp-block-column-is-layout-flow\">\n<div class=\"wp-block-buttons is-content-justification-center is-layout-flex wp-container-core-buttons-is-layout-a89b3969 wp-block-buttons-is-layout-flex\">\n<div class=\"wp-block-button\"><a class=\"wp-block-button__link wp-element-button\" href=\"https:\/\/hairstyle.landertweb.ch\/cms\/?page_id=17\">Kontaktformular<\/a><\/div>\n<\/div>\n<\/div>\n<\/div>\n","protected":false},"excerpt":{"rendered":"<p>Gerne komme ich f\u00fcr das Styling an den Ort deiner Wahl. Paket Hawaii 580 CHF Paket Seychelles 400 CHF Paket S\u00fcdafrika 350 CHF Hochzeitsg\u00e4ste Frisur 100 CHF pro Person Hochzeitsg\u00e4ste Make Up 100 CHF pro Person Wegspesen ausserhalb Kanton Z\u00fcrich 0.80 CHF pro Kilometer Ich berate Dich gerne<\/p>\n","protected":false},"author":1,"featured_media":0,"parent":0,"menu_order":0,"comment_status":"closed","ping_status":"closed","template":"","meta":{"footnotes":""},"class_list":["post-27","page","type-page","status-publish","hentry"],"_links":{"self":[{"href":"https:\/\/hairstyle.landertweb.ch\/cms\/wp-json\/wp\/v2\/pages\/27","targetHints":{"allow":["GET"]}}],"collection":[{"href":"https:\/\/hairstyle.landertweb.ch\/cms\/wp-json\/wp\/v2\/pages"}],"about":[{"href":"https:\/\/hairstyle.landertweb.ch\/cms\/wp-json\/wp\/v2\/types\/page"}],"author":[{"embeddable":true,"href":"https:\/\/hairstyle.landertweb.ch\/cms\/wp-json\/wp\/v2\/users\/1"}],"replies":[{"embeddable":true,"href":"https:\/\/hairstyle.landertweb.ch\/cms\/wp-json\/wp\/v2\/comments?post=27"}],"version-history":[{"count":32,"href":"https:\/\/hairstyle.landertweb.ch\/cms\/wp-json\/wp\/v2\/pages\/27\/revisions"}],"predecessor-version":[{"id":537,"href":"https:\/\/hairstyle.landertweb.ch\/cms\/wp-json\/wp\/v2\/pages\/27\/revisions\/537"}],"wp:attachment":[{"href":"https:\/\/hairstyle.landertweb.ch\/cms\/wp-json\/wp\/v2\/media?parent=27"}],"curies":[{"name":"wp","href":"https:\/\/api.w.org\/{rel}","templated":true}]}}